{"id":3,"date":"2024-04-22T07:58:52","date_gmt":"2024-04-22T07:58:52","guid":{"rendered":"https:\/\/sfizabelagajowska.dev10.pro\/?page_id=3"},"modified":"2024-06-06T09:25:14","modified_gmt":"2024-06-06T09:25:14","slug":"privacy-policy-2","status":"publish","type":"page","link":"https:\/\/sfizabelagajowska.dev10.pro\/index.php\/pl\/privacy-policy-2\/","title":{"rendered":"Polityka prywatno\u015bci"},"content":{"rendered":"\n<p class=\"has-text-align-center has-large-font-size\"><strong>PRYWATNO\u015a\u0106 I PLIKI COOKIE&nbsp;<\/strong><\/p>\n\n\n\n<p class=\"has-text-align-center has-large-font-size\"><strong>POLITYKA<\/strong><\/p>\n\n\n\n<p class=\"has-text-align-center\"><a href=\"http:\/\/www.mortgage-protection-ig.co.uk\">mortgage-protection-ig.co.uk<\/a><strong>\u00a0<\/strong><\/p>\n\n\n\n<p class=\"has-text-align-center\"><strong>Twoja prywatno\u015b\u0107 jest dla nas wa\u017cna. W naszym interesie le\u017cy poszanowanie Twojej prywatno\u015bci i Twojego prawa do przetwarzania informacji na Tw\u00f3j temat.<\/strong><\/p>\n\n\n\n<p class=\"has-text-align-center\"><strong>Niniejsza Polityka prywatno\u015bci pomaga zrozumie\u0107, w jaki spos\u00f3b wykorzystujemy Twoje dane osobowe, komu je udost\u0119pniamy i jakie prawa Ci przys\u0142uguj\u0105.<\/strong><\/p>\n\n\n\n<p class=\"has-text-align-center\"><strong>Od czasu do czasu zmieniamy warunki niniejszej Polityki prywatno\u015bci i nale\u017cy j\u0105 regularnie sprawdza\u0107. Data ostatniej aktualizacji znajduje si\u0119 na ko\u0144cu tego dokumentu. Je\u015bli wprowadzimy jakiekolwiek istotne zmiany, podejmiemy kroki w celu zwr\u00f3cenia na to Pa\u0144stwa uwagi.<\/strong><\/p>\n\n\n\n<p><strong>\u015aci\u015ble przestrzegamy przepis\u00f3w prawnych dotycz\u0105cych post\u0119powania z danymi osobowymi.<\/strong><\/p>\n\n\n\n<ol class=\"wp-block-list\">\n<li><strong>KIM JESTE\u015aMY<\/strong><\/li>\n<\/ol>\n\n\n\n<ol class=\"wp-block-list\">\n<li>Supreme Financial Solutions Ltd jest wyznaczonym przedstawicielem The Openwork Partnership, nazw\u0105 nale\u017c\u0105c\u0105 do Openwork Limited, kt\u00f3ry jest autoryzowana i regulowana przez Financial Conduct Authority.<\/li>\n\n\n\n<li>Supreme Financial Solutions Ltd dostarcza rozwi\u0105zania i doradztwo w zakresie planowania finansowego za po\u015brednictwem do\u015bwiadczonych i wykwalifikowanych doradc\u00f3w z siedzib\u0105 w Wielkiej Brytanii.<\/li>\n\n\n\n<li>Obecnie Supreme Financial Solutions Ltd i Openwork Partnership wsp\u00f3lnie ustalaj\u0105 cele i sposoby przetwarzania danych osobowych klient\u00f3w w zwi\u0105zku z udzielaniem porad. Oznacza to, \u017ce jeste\u015bmy wsp\u00f3\u0142administratorami danych w zakresie tych podstawowych dzia\u0142a\u0144 doradczych, a zatem jeste\u015bmy odpowiedzialni za zarz\u0105dzanie danymi klient\u00f3w i zapewnienie zgodno\u015bci z przepisami.<\/li>\n\n\n\n<li>Wykorzystuj\u0105c informacje o u\u017cytkowniku, dok\u0142adamy wszelkich stara\u0144, aby robi\u0107 to w spos\u00f3b uczciwy i zgodny z prawem. B\u0119dziemy z nich korzysta\u0107 ostro\u017cnie i b\u0119d\u0105 one udost\u0119pniane wy\u0142\u0105cznie w spos\u00f3b opisany tutaj lub je\u015bli jest to wymagane przez prawo lub Financial Conduct Authority (FCA). Nigdy nie wykorzystujemy informacji o Tobie, chyba \u017ce jest to dla nas zgodne z prawem i mamy jasno okre\u015blon\u0105 potrzeb\u0119 lub cel.\u00a0<\/li>\n\n\n\n<li>Staramy si\u0119 nie przechowywa\u0107 Twoich danych d\u0142u\u017cej, ni\u017c tego potrzebujemy, i zapewniamy, \u017ce dokumenty, kt\u00f3re posiadamy na Tw\u00f3j temat, s\u0105 odpowiednio zarz\u0105dzane i usuwane szybko i bezpiecznie, gdy ju\u017c ich nie potrzebujemy.<\/li>\n<\/ol>\n\n\n\n<ol class=\"wp-block-list\" start=\"2\">\n<li><strong>PODSTAWY PRAWNE, Z KT\u00d3RYCH KORZYSTAMY PRZY PRZETWARZANIU DANYCH\u00a0<\/strong><\/li>\n<\/ol>\n\n\n\n<ol class=\"wp-block-list\">\n<li>B\u0119dziemy przetwarza\u0107 Twoje dane tylko wtedy, gdy b\u0119dziemy mieli do tego podstaw\u0119 prawn\u0105. Podstawy prawne, na kt\u00f3rych si\u0119 opieramy, to:<\/li>\n<\/ol>\n\n\n\n<ol class=\"wp-block-list\">\n<li>Umowa \u2013 w tym przypadku przetwarzamy Twoje dane w celu realizacji ustale\u0144 umownych, kt\u00f3re z Tob\u0105 zawarli\u015bmy lub poniewa\u017c poprosi\u0142e\u015b nas o wykonanie us\u0142ugi przed zawarciem umowy.<\/li>\n\n\n\n<li>Zgoda \u2013 w tym miejscu poprosili\u015bmy Ci\u0119 o wyra\u017cenie zgody na przetwarzanie Twoich danych w okre\u015blonym celu.<\/li>\n\n\n\n<li>Uzasadnione interesy \u2013 w tym przypadku opieramy si\u0119 na naszych interesach jako podstawie przetwarzania.\u00a0<\/li>\n\n\n\n<li>Obowi\u0105zek prawny \u2013 w tym przypadku mamy ustawowy lub inny prawny obowi\u0105zek przetwarzania danych, na przyk\u0142ad w celu spe\u0142nienia wymog\u00f3w regulacyjnych i\/lub \u017c\u0105da\u0144.<\/li>\n\n\n\n<li>\u017bywotne interesy \u2013 w tym przypadku przetwarzanie danych osobowych jest niezb\u0119dne do ochrony czyjego\u015b \u017cycia.<\/li>\n<\/ol>\n\n\n\n<ol class=\"wp-block-list\" start=\"3\">\n<li><strong>TWOJE PRAWA<\/strong><\/li>\n<\/ol>\n\n\n\n<ol class=\"wp-block-list\">\n<li>Przys\u0142uguje Ci szereg &#8222;praw os\u00f3b, kt\u00f3rych dane dotycz\u0105&#8221;, poni\u017cej wyja\u015bnili\u015bmy, czym one s\u0105 i jak mo\u017cesz z nich skorzysta\u0107. Wi\u0119cej informacji na temat tych praw mo\u017cna znale\u017a\u0107 na stronie internetowej brytyjskiego Biura Komisarza ds. Informacji pod adresem <a href=\"https:\/\/ico.org.uk\/for-the-public\/\">https:\/\/ico.org.uk\/for-the-public\/<\/a>.<\/li>\n<\/ol>\n\n\n\n<ol class=\"wp-block-list\">\n<li>Prawo dost\u0119pu \u2013 U\u017cytkownik ma prawo za\u017c\u0105da\u0107 kopii danych osobowych, kt\u00f3re przechowujemy na jego temat.<\/li>\n\n\n\n<li>Prawo do sprostowania \u2013 je\u015bli uwa\u017casz, \u017ce kt\u00f3rekolwiek z Twoich danych osobowych, kt\u00f3re przechowujemy, s\u0105 niedok\u0142adne, masz prawo za\u017c\u0105da\u0107 ich aktualizacji. Mo\u017cemy poprosi\u0107 Ci\u0119 o dowody na to, \u017ce jest niedok\u0142adny.<\/li>\n\n\n\n<li>Prawo do usuni\u0119cia danych \u2013 (znane r\u00f3wnie\u017c jako prawo do bycia zapomnianym) \u2013 U\u017cytkownik ma prawo za\u017c\u0105da\u0107 usuni\u0119cia przechowywanych przez nas danych osobowych.<\/li>\n\n\n\n<li>Prawo do ograniczenia przetwarzania \u2013 U\u017cytkownik ma prawo za\u017c\u0105da\u0107, aby\u015bmy ograniczyli lub usun\u0119li dane osobowe, kt\u00f3re przechowujemy na jego temat.<\/li>\n\n\n\n<li>Prawo do przenoszenia danych \u2013 W pewnych okoliczno\u015bciach u\u017cytkownik ma prawo poprosi\u0107 nas o elektroniczne przekazanie jego danych osobowych innej organizacji.<\/li>\n\n\n\n<li>Prawa zwi\u0105zane z zautomatyzowanym podejmowaniem decyzji, w tym profilowaniem \u2013 U\u017cytkownik ma prawo do niepodlegania decyzji, kt\u00f3ra opiera si\u0119 wy\u0142\u0105cznie na zautomatyzowanym przetwarzaniu, je\u017celi decyzja ta ma wp\u0142yw na jego prawa lub inne r\u00f3wnie wa\u017cne kwestie, oraz do wniesienia sprzeciwu wobec profilowania w okre\u015blonych sytuacjach, w tym w celu marketingu bezpo\u015bredniego.<\/li>\n\n\n\n<li>Prawo do wycofania zgody \u2013 W przypadku, gdy polegamy na Twojej zgodzie na przetwarzanie, mo\u017cesz wycofa\u0107 lub zmieni\u0107 swoj\u0105 zgod\u0119 w dowolnym momencie.<\/li>\n<\/ol>\n\n\n\n<ol class=\"wp-block-list\" start=\"2\">\n<li>Powy\u017csze prawa mog\u0105 by\u0107 ograniczone w pewnych okoliczno\u015bciach, na przyk\u0142ad, je\u015bli spe\u0142nienie \u017c\u0105dania u\u017cytkownika spowodowa\u0142oby ujawnienie danych osobowych innej osoby, je\u015bli u\u017cytkownik poprosi nas o usuni\u0119cie danych, kt\u00f3rych posiadanie jest wymagane przez prawo, lub je\u015bli mamy wa\u017cny uzasadniony interes w ich zachowaniu. W takim przypadku poinformujemy Ci\u0119 o tym, a nast\u0119pnie wykorzystamy Twoje dane wy\u0142\u0105cznie do tych cel\u00f3w. Mo\u017cesz r\u00f3wnie\u017c nie by\u0107 w stanie kontynuowa\u0107 korzystania z naszych us\u0142ug, je\u015bli chcesz, aby\u015bmy zaprzestali przetwarzania Twoich danych osobowych.<\/li>\n\n\n\n<li>Zach\u0119camy do skontaktowania si\u0119 z nami, je\u015bli masz jakiekolwiek w\u0105tpliwo\u015bci dotycz\u0105ce sposobu, w jaki gromadzimy lub wykorzystujemy Twoje dane osobowe. Maj\u0105 Pa\u0144stwo prawo do z\u0142o\u017cenia skargi bezpo\u015brednio do organu ochrony danych. Organem ochrony danych w Wielkiej Brytanii, gdzie mamy siedzib\u0119, jest Biuro Komisarza ds. Informacji (ICO), mo\u017cesz skontaktowa\u0107 si\u0119 z ICO tutaj: ico.org.uk\/make-a-complaint.<\/li>\n<\/ol>\n\n\n\n<ol class=\"wp-block-list\" start=\"4\">\n<li><strong>JAKIE INFORMACJE O TOBIE GROMADZIMY\u00a0<\/strong><\/li>\n<\/ol>\n\n\n\n<ol class=\"wp-block-list\">\n<li>Informacje, kt\u00f3re gromadzimy na temat u\u017cytkownika, mog\u0105 si\u0119 r\u00f3\u017cni\u0107 w zale\u017cno\u015bci od tego, jakie us\u0142ugi \u015bwiadczymy. Zazwyczaj potrzebujemy takich szczeg\u00f3\u0142\u00f3w, jak:<\/li>\n<\/ol>\n\n\n\n<ol class=\"wp-block-list\">\n<li>Twoje imi\u0119 i nazwisko oraz adres, aby\u015bmy wiedzieli, kim jeste\u015b i jakich us\u0142ug od nas potrzebujesz.<\/li>\n\n\n\n<li>Twoje dane kontaktowe, takie jak numer telefonu lub adres e-mail, aby\u015bmy mogli kontaktowa\u0107 si\u0119 z Tob\u0105 w sprawie naszych us\u0142ug.<\/li>\n\n\n\n<li>Twoje konto bankowe lub inne dane finansowe, aby\u015bmy mogli zarz\u0105dza\u0107 Twoimi p\u0142atno\u015bciami za nasze us\u0142ugi.<\/li>\n\n\n\n<li>Informacje o zatrudnieniu.<\/li>\n\n\n\n<li>Twoje aktywa i pasywa.<\/li>\n<\/ol>\n\n\n\n<ol class=\"wp-block-list\" start=\"2\">\n<li>Niekt\u00f3re produkty us\u0142ug finansowych mog\u0105 wymaga\u0107 od nas gromadzenia informacji o stanie zdrowia u\u017cytkownika. S\u0105 to wra\u017cliwe dane osobowe. Tw\u00f3j doradca b\u0119dzie mia\u0142 dost\u0119p do Twoich danych medycznych, chyba \u017ce wolisz wype\u0142ni\u0107 za\u015bwiadczenie lekarskie o stanie zdrowia na osobno\u015bci. Potrzebujemy Twojej wyra\u017anej zgody na gromadzenie i przetwarzanie Twoich danych dotycz\u0105cych zdrowia, kt\u00f3r\u0105 oczywi\u015bcie mo\u017cesz wycofa\u0107 w dowolnym momencie.<\/li>\n\n\n\n<li>Je\u015bli ubiegasz si\u0119 o kredyt hipoteczny, Twoje dane zostan\u0105 przekazane po\u017cyczkodawcy, kt\u00f3ry przeprowadzi kontrol\u0119 kredytow\u0105. B\u0119dziesz tak\u017ce musia\u0142 poda\u0107 szczeg\u00f3\u0142owe informacje na temat wszelkich wyrok\u00f3w skazuj\u0105cych, kt\u00f3re mog\u0142e\u015b mie\u0107. Dane te zostan\u0105 przekazane po\u017cyczkodawcy w celu przeprowadzenia wszelkich niezb\u0119dnych kontroli.<\/li>\n<\/ol>\n\n\n\n<ol class=\"wp-block-list\" start=\"5\">\n<li><strong>CO ROBIMY Z INFORMACJAMI, KT\u00d3RE GROMADZIMY NA TW\u00d3J TEMAT?<\/strong><\/li>\n<\/ol>\n\n\n\n<ol class=\"wp-block-list\">\n<li>Wykorzystujemy Twoje dane na r\u00f3\u017cne sposoby, na przyk\u0142ad:<\/li>\n<\/ol>\n\n\n\n<ol class=\"wp-block-list\">\n<li>Aby potwierdzi\u0107 Twoj\u0105 to\u017csamo\u015b\u0107.<\/li>\n\n\n\n<li>Celem \u015bwiadczenia us\u0142ug, kt\u00f3rych oczekujesz.<\/li>\n\n\n\n<li>Realizacji cel\u00f3w, dla kt\u00f3rych zosta\u0142y podane informacje.<\/li>\n\n\n\n<li>Zapobieganiu oszustwom, praniu brudnych pieni\u0119dzy i przest\u0119pstwom finansowym.<\/li>\n\n\n\n<li>Oceny zdolno\u015bci kredytowej oraz zarz\u0105dzaniem kredytami (w stosownych przypadkach).<\/li>\n\n\n\n<li>Przestrzeganie wszelkich zobowi\u0105za\u0144 prawnych lub regulacyjnych, kt\u00f3re mo\u017cemy mie\u0107.<\/li>\n<\/ol>\n\n\n\n<ol class=\"wp-block-list\" start=\"6\">\n<li><strong>KOMU UDOST\u0118PNIAMY TWOJE DANE?<\/strong><\/li>\n<\/ol>\n\n\n\n<ol class=\"wp-block-list\">\n<li>Udost\u0119pniamy informacje o u\u017cytkowniku tylko wtedy, gdy jest to dozwolone lub wymagane przez prawo lub gdy u\u017cytkownik nas o to poprosi. Mo\u017cemy udost\u0119pnia\u0107 Twoje dane, na przyk\u0142ad:<\/li>\n<\/ol>\n\n\n\n<ol class=\"wp-block-list\">\n<li>Cz\u0142onkom Twojej rodziny, wsp\u00f3\u0142pracownikom lub osobom, kt\u00f3re Ci\u0119 reprezentuj\u0105, je\u015bli nas o to poprosisz.<\/li>\n\n\n\n<li>Naszym pracownikom, kt\u00f3rzy \u015bwiadcz\u0105 Pa\u0144stwu nasze us\u0142ugi.<\/li>\n\n\n\n<li>Starannie dobranym organizacjom i specjalistom, kt\u00f3rzy pomog\u0105 nam \u015bwiadczy\u0107 nasze us\u0142ugi.<\/li>\n\n\n\n<li>Biurom informacji kredytowej i agencjom ds. zapobiegania oszustwom w celu zapobiegania oszustwom i ich wykrywania w ramach naszego procesu nale\u017cytej staranno\u015bci.<\/li>\n\n\n\n<li>Ka\u017cdej osobie, organizacji lub organowi regulacyjnemu, w przypadku gdy jeste\u015bmy do tego zobowi\u0105zani ze wzgl\u0119du na nakaz s\u0105dowy, odpowiedzialno\u015b\u0107 regulacyjn\u0105, obowi\u0105zek prawny lub obowi\u0105zek ustawowy.<\/li>\n<\/ol>\n\n\n\n<ol class=\"wp-block-list\" start=\"7\">\n<li><strong>PLIKI COOKIE<\/strong><\/li>\n<\/ol>\n\n\n\n<ol class=\"wp-block-list\">\n<li>Na naszej stronie internetowej u\u017cywamy plik\u00f3w cookie.\u00a0<\/li>\n\n\n\n<li>Podczas przegl\u0105dania stron internetowych Serwisu Internetowego wykorzystywane s\u0105 pliki &#8222;cookies&#8221;, kt\u00f3re s\u0105 niewielkimi plikami tekstowymi zapisywanymi w urz\u0105dzeniu docelowym Klienta w zwi\u0105zku z korzystaniem z Serwisu Internetowego. S\u0105 one wykorzystywane w celu poprawy komfortu korzystania z witryn internetowych us\u0142ug online.<\/li>\n\n\n\n<li>Stosowane przez Administratora pliki &#8222;cookies&#8221; s\u0105 bezpieczne dla urz\u0105dze\u0144 Klienta. W szczeg\u00f3lno\u015bci nie jest mo\u017cliwe, aby wirusy lub inne niechciane lub z\u0142o\u015bliwe oprogramowanie dosta\u0142y si\u0119 w ten spos\u00f3b do urz\u0105dze\u0144 Klienta. Pliki te pozwalaj\u0105 zidentyfikowa\u0107 oprogramowanie, z kt\u00f3rego korzysta Klient i dostosowa\u0107 Serwis Internetowy do ka\u017cdego Klienta indywidualnie. Pliki &#8222;cookies&#8221; zawieraj\u0105 niekiedy informacje o nazwie domeny, z kt\u00f3rej pochodz\u0105, czasie przechowywania ich w urz\u0105dzeniu oraz przypisanej warto\u015bci.<\/li>\n\n\n\n<li>Ze wzgl\u0119du na cel zbierania plik\u00f3w cookies wyr\u00f3\u017cniamy nast\u0119puj\u0105ce pliki cookies:<\/li>\n<\/ol>\n\n\n\n<ol class=\"wp-block-list\">\n<li>niezb\u0119dne pliki cookies: niezb\u0119dne do prawid\u0142owego funkcjonowania serwisu \u2013 pliki przetwarzane na podstawie prawnie uzasadnionego interesu administratora.<\/li>\n\n\n\n<li>statystyczne pliki cookies: pozwalaj\u0105 bada\u0107 ruch na stronie, poznawa\u0107 preferencje naszych u\u017cytkownik\u00f3w, analizowa\u0107 ich zachowania na stronie oraz umo\u017cliwiaj\u0105 interakcje z zewn\u0119trznymi sieciami i platformami \u2013 pliki przetwarzane na podstawie dobrowolnej zgody u\u017cytkownika.<\/li>\n\n\n\n<li>marketingowe pliki cookies: pozwalaj\u0105 nam dostosowa\u0107 wy\u015bwietlane reklamy i tre\u015bci do preferencji naszych u\u017cytkownik\u00f3w oraz prowadzi\u0107 spersonalizowane kampanie marketingowe \u2013 pliki przetwarzane na podstawie dobrowolnej zgody u\u017cytkownika.\u00a0<\/li>\n<\/ol>\n\n\n\n<ol class=\"wp-block-list\" start=\"5\">\n<li>Pliki &#8222;cookies&#8221; mog\u0105 by\u0107 wykorzystywane przez sieci reklamowe, w szczeg\u00f3lno\u015bci przez sie\u0107 Google, w celu wy\u015bwietlania reklam dostosowanych do sposobu, w jaki Us\u0142ugobiorca korzysta z Serwisu Internetowego. W tym celu mog\u0105 by\u0107 przechowywane informacje o \u015bcie\u017cce nawigacji Klienta, czy czasie sp\u0119dzonym na danej stronie internetowej.<\/li>\n\n\n\n<li>W zakresie informacji o preferencjach Klienta zbieranych przez sie\u0107 reklamow\u0105 Google, Klient mo\u017ce przegl\u0105da\u0107 i edytowa\u0107 informacje zwi\u0105zane z plikami cookies za pomoc\u0105 nast\u0119puj\u0105cego narz\u0119dzia: <a href=\"https:\/\/www.google.com\/ads\/preferences\/\">https:\/\/www.google.com\/ads\/preferences\/<\/a>.<\/li>\n\n\n\n<li>Klient mo\u017ce samodzielnie i w ka\u017cdym czasie dokona\u0107 zmiany ustawie\u0144 dotycz\u0105cych plik\u00f3w &#8222;cookies&#8221;, okre\u015blaj\u0105c warunki ich przechowywania oraz uzyskiwania dost\u0119pu do urz\u0105dzenia Klienta. Ustawienia, o kt\u00f3rych mowa w zdaniu poprzednim, mog\u0105 zosta\u0107 zmienione przez Klienta poprzez ustawienia przegl\u0105darki internetowej lub poprzez konfiguracj\u0119 us\u0142ugi. Ustawienia te mog\u0105 zosta\u0107 zmienione w szczeg\u00f3lno\u015bci w taki spos\u00f3b, aby blokowa\u0107 automatyczn\u0105 obs\u0142ug\u0119 plik\u00f3w &#8222;cookies&#8221; w ustawieniach przegl\u0105darki internetowej b\u0105d\u017a informowa\u0107 o ich ka\u017cdorazowym wprowadzeniu na urz\u0105dzenie Klienta. Szczeg\u00f3\u0142owe informacje o mo\u017cliwo\u015bci i sposobach obs\u0142ugi plik\u00f3w cookies dost\u0119pne s\u0105 w ustawieniach oprogramowania (przegl\u0105darki internetowej).<\/li>\n\n\n\n<li>Aby dowiedzie\u0107 si\u0119, jak zarz\u0105dza\u0107 plikami cookie, w tym jak je wy\u0142\u0105czy\u0107 w przegl\u0105darce, mo\u017cesz skorzysta\u0107 z sekcji pomocy przegl\u0105darki. Mo\u017cesz dowiedzie\u0107 si\u0119 wi\u0119cej na ten temat, naciskaj\u0105c F1 w przegl\u0105darce. Ponadto odpowiednie wskaz\u00f3wki znajdziesz na nast\u0119puj\u0105cych stronach, w zale\u017cno\u015bci od u\u017cywanej przegl\u0105darki:<\/li>\n<\/ol>\n\n\n\n<p>Przegl\u0105darka Firefox<\/p>\n\n\n\n<p>Chrom<\/p>\n\n\n\n<p>Safari<\/p>\n\n\n\n<p>Internet Explorer \/ Microsoft Edge<\/p>\n\n\n\n<ol class=\"wp-block-list\" start=\"9\">\n<li>Klient mo\u017ce w ka\u017cdej chwili usun\u0105\u0107 pliki &#8222;cookies&#8221;, korzystaj\u0105c z funkcji dost\u0119pnych w przegl\u0105darce internetowej, z kt\u00f3rej korzysta.<\/li>\n\n\n\n<li>Ograniczenie stosowania plik\u00f3w &#8222;cookies&#8221; mo\u017ce wp\u0142yn\u0105\u0107 na niekt\u00f3re funkcjonalno\u015bci dost\u0119pne na stronie internetowej Serwisu.<\/li>\n\n\n\n<li>Korzystamy z us\u0142ug: Google Analytics 4, Google ADS,\u00a0<\/li>\n<\/ol>\n\n\n\n<p>29.04.2024<\/p>\n","protected":false},"excerpt":{"rendered":"<p>PRYWATNO\u015a\u0106 I PLIKI COOKIE&nbsp; POLITYKA mortgage-protection-ig.co.uk\u00a0 Twoja prywatno\u015b\u0107 jest dla nas wa\u017cna. W naszym interesie le\u017cy poszanowanie Twojej prywatno\u015bci i Twojego prawa do przetwarzania informacji na Tw\u00f3j temat. Niniejsza Polityka prywatno\u015bci pomaga zrozumie\u0107, w jaki spos\u00f3b wykorzystujemy Twoje dane osobowe, komu je udost\u0119pniamy i jakie prawa Ci przys\u0142uguj\u0105. Od czasu do czasu zmieniamy warunki niniejszej&#8230;<\/p>\n","protected":false},"author":1,"featured_media":0,"parent":0,"menu_order":0,"comment_status":"closed","ping_status":"closed","template":"","meta":{"footnotes":""},"class_list":["post-3","page","type-page","status-publish","hentry"],"_links":{"self":[{"href":"https:\/\/sfizabelagajowska.dev10.pro\/index.php\/wp-json\/wp\/v2\/pages\/3","targetHints":{"allow":["GET"]}}],"collection":[{"href":"https:\/\/sfizabelagajowska.dev10.pro\/index.php\/wp-json\/wp\/v2\/pages"}],"about":[{"href":"https:\/\/sfizabelagajowska.dev10.pro\/index.php\/wp-json\/wp\/v2\/types\/page"}],"author":[{"embeddable":true,"href":"https:\/\/sfizabelagajowska.dev10.pro\/index.php\/wp-json\/wp\/v2\/users\/1"}],"replies":[{"embeddable":true,"href":"https:\/\/sfizabelagajowska.dev10.pro\/index.php\/wp-json\/wp\/v2\/comments?post=3"}],"version-history":[{"count":2,"href":"https:\/\/sfizabelagajowska.dev10.pro\/index.php\/wp-json\/wp\/v2\/pages\/3\/revisions"}],"predecessor-version":[{"id":103524,"href":"https:\/\/sfizabelagajowska.dev10.pro\/index.php\/wp-json\/wp\/v2\/pages\/3\/revisions\/103524"}],"wp:attachment":[{"href":"https:\/\/sfizabelagajowska.dev10.pro\/index.php\/wp-json\/wp\/v2\/media?parent=3"}],"curies":[{"name":"wp","href":"https:\/\/api.w.org\/{rel}","templated":true}]}}