{"id":103398,"date":"2024-04-26T08:18:16","date_gmt":"2024-04-26T08:18:16","guid":{"rendered":"https:\/\/sfizabelagajowska.dev10.pro\/?page_id=103398"},"modified":"2024-04-26T08:50:53","modified_gmt":"2024-04-26T08:50:53","slug":"dolacz-do-nas","status":"publish","type":"page","link":"https:\/\/sfizabelagajowska.dev10.pro\/index.php\/pl\/dolacz-do-nas\/","title":{"rendered":"Do\u0142\u0105cz do nas"},"content":{"rendered":"\t\t<div data-elementor-type=\"wp-page\" data-elementor-id=\"103398\" class=\"elementor elementor-103398\">\n\t\t\t\t<div class=\"default show_shadow elementor-element elementor-element-2ff8b62 e-flex e-con-boxed e-con e-parent\" data-id=\"2ff8b62\" data-element_type=\"container\">\n\t\t\t\t\t<div class=\"e-con-inner\">\n\t\t\t\t<div class=\"elementor-element elementor-element-78758ae elementor-widget elementor-widget-heading\" data-id=\"78758ae\" data-element_type=\"widget\" data-widget_type=\"heading.default\">\n\t\t\t\t<div class=\"elementor-widget-container\">\n\t\t\t<style>\/*! elementor - v3.21.0 - 18-04-2024 *\/\n.elementor-heading-title{padding:0;margin:0;line-height:1}.elementor-widget-heading .elementor-heading-title[class*=elementor-size-]>a{color:inherit;font-size:inherit;line-height:inherit}.elementor-widget-heading .elementor-heading-title.elementor-size-small{font-size:15px}.elementor-widget-heading .elementor-heading-title.elementor-size-medium{font-size:19px}.elementor-widget-heading .elementor-heading-title.elementor-size-large{font-size:29px}.elementor-widget-heading .elementor-heading-title.elementor-size-xl{font-size:39px}.elementor-widget-heading .elementor-heading-title.elementor-size-xxl{font-size:59px}<\/style><h2 class=\"elementor-heading-title elementor-size-default\">Do\u0142\u0105cz do nas<\/h2>\t\t<\/div>\n\t\t\t\t<\/div>\n\t\t\t\t<div class=\"elementor-element elementor-element-70b674f elementor-widget elementor-widget-text-editor\" data-id=\"70b674f\" data-element_type=\"widget\" data-widget_type=\"text-editor.default\">\n\t\t\t\t<div class=\"elementor-widget-container\">\n\t\t\t<style>\/*! elementor - v3.21.0 - 18-04-2024 *\/\n.elementor-widget-text-editor.elementor-drop-cap-view-stacked .elementor-drop-cap{background-color:#69727d;color:#fff}.elementor-widget-text-editor.elementor-drop-cap-view-framed .elementor-drop-cap{color:#69727d;border:3px solid;background-color:transparent}.elementor-widget-text-editor:not(.elementor-drop-cap-view-default) .elementor-drop-cap{margin-top:8px}.elementor-widget-text-editor:not(.elementor-drop-cap-view-default) .elementor-drop-cap-letter{width:1em;height:1em}.elementor-widget-text-editor .elementor-drop-cap{float:left;text-align:center;line-height:1;font-size:50px}.elementor-widget-text-editor .elementor-drop-cap-letter{display:inline-block}<\/style>\t\t\t\t<p>Jeste\u015bmy dynamicznie rozwijaj\u0105c\u0105 si\u0119 firm\u0105 Supreme Financial Solutions Ltd, w bran\u017cy us\u0142ug ubezpieczeniowych i kredyt\u00f3w hipotecznych, poszukujemy do naszego zespo\u0142u zar\u00f3wno do\u015bwiadczonych Doradc\u00f3w ds. Ubezpiecze\u0144, jak i tych, kt\u00f3rzy chc\u0105 dopiero zdoby\u0107 do\u015bwiadczenie w \u015bwiecie finans\u00f3w, a tak\u017ce wykwalifikowanych doradc\u00f3w kredyt\u00f3w hipotecznych . Oferujemy wyj\u0105tkow\u0105 mo\u017cliwo\u015b\u0107 pracy w innowacyjnym \u015brodowisku, gdzie ca\u0142y proces odbywa si\u0119 online, umo\u017cliwiaj\u0105c szybkie i efektywne spotkania z klientami twarz\u0105 w twarz, online, czy telefonicznie.<\/p>\t\t\t\t\t\t<\/div>\n\t\t\t\t<\/div>\n\t\t\t\t<div class=\"elementor-element elementor-element-6b16933 elementor-widget elementor-widget-heading\" data-id=\"6b16933\" data-element_type=\"widget\" data-widget_type=\"heading.default\">\n\t\t\t\t<div class=\"elementor-widget-container\">\n\t\t\t<h3 class=\"elementor-heading-title elementor-size-default\">Umo\u017cliwiamy:<\/h3>\t\t<\/div>\n\t\t\t\t<\/div>\n\t\t\t\t<div class=\"elementor-element elementor-element-faedbdc elementor-widget elementor-widget-text-editor\" data-id=\"faedbdc\" data-element_type=\"widget\" data-widget_type=\"text-editor.default\">\n\t\t\t\t<div class=\"elementor-widget-container\">\n\t\t\t\t\t\t\t<ul class=\"join-us-list\"><li>Mo\u017cliwo\u015b\u0107 zamkni\u0119cia sprzeda\u017cy w ci\u0105gu jednego dnia<\/li><li>Automatyczne generowanie SODAN\/SR<\/li><li>Ca\u0142y proces aplikacji odbywaj\u0105cy si\u0119 online<\/li><li>Nieograniczone mo\u017cliwo\u015bci zarobkowe<\/li><li>Konkurencyjne prowizje od sprzeda\u017cy z cotygodniow\u0105 wyp\u0142at\u0105<\/li><li>Mo\u017cliwo\u015b\u0107 pracy w pe\u0142ni zdalnej<\/li><li>Mo\u017cliwo\u015b\u0107 i wsparcie w promowaniu online<\/li><li>\u015arednie roczne zarobki z prowizj\u0105 od sprzeda\u017cy \u00a340.000 rocznie<\/li><\/ul><p>Je\u015bli d\u0105\u017cysz do rozwoju w sektorze finansowym i pragniesz rozszerzy\u0107 swoje kompetencje, lub obecnie zajmujesz stanowisko doradcy ubezpieczeniowego czy kredytowego i nie czujesz si\u0119 spe\u0142niony z powodu obecnych warunk\u00f3w pracy lub braku wsparcia w swojej firmie, przy\u0142\u0105cz si\u0119 do nas. Zapewniamy wyj\u0105tkowo konkurencyjne warunki wsp\u00f3\u0142pracy. Stawiamy na profesjonalizm i rozw\u00f3j naszych pracownik\u00f3w, oferuj\u0105c im nie tylko atrakcyjne warunki finansowe, ale i dost\u0119p do szerokiej gamy szkole\u0144 podnosz\u0105cych kwalifikacje. W naszym zespole znajdziesz wsparcie i motywacj\u0119, kt\u00f3re pomog\u0105 Ci osi\u0105gn\u0105\u0107 sukces w bran\u017cy finansowej. Do\u0142\u0105cz do nas i rozpocznij nowy rozdzia\u0142 w swojej karierze.<\/p>\t\t\t\t\t\t<\/div>\n\t\t\t\t<\/div>\n\t\t\t\t\t<\/div>\n\t\t\t\t<\/div>\n\t\t<div class=\"default show_shadow elementor-element elementor-element-14e0342 e-flex e-con-boxed e-con e-parent\" data-id=\"14e0342\" data-element_type=\"container\">\n\t\t\t\t\t<div class=\"e-con-inner\">\n\t\t\t\t<div class=\"elementor-element elementor-element-be54213 elementor-widget elementor-widget-accordion\" data-id=\"be54213\" data-element_type=\"widget\" data-widget_type=\"accordion.default\">\n\t\t\t\t<div class=\"elementor-widget-container\">\n\t\t\t<style>\/*! elementor - v3.21.0 - 18-04-2024 *\/\n.elementor-accordion{text-align:start}.elementor-accordion .elementor-accordion-item{border:1px solid #d5d8dc}.elementor-accordion .elementor-accordion-item+.elementor-accordion-item{border-top:none}.elementor-accordion .elementor-tab-title{margin:0;padding:15px 20px;font-weight:700;line-height:1;cursor:pointer;outline:none}.elementor-accordion .elementor-tab-title .elementor-accordion-icon{display:inline-block;width:1.5em}.elementor-accordion .elementor-tab-title .elementor-accordion-icon svg{width:1em;height:1em}.elementor-accordion .elementor-tab-title .elementor-accordion-icon.elementor-accordion-icon-right{float:right;text-align:right}.elementor-accordion .elementor-tab-title .elementor-accordion-icon.elementor-accordion-icon-left{float:left;text-align:left}.elementor-accordion .elementor-tab-title .elementor-accordion-icon .elementor-accordion-icon-closed{display:block}.elementor-accordion .elementor-tab-title .elementor-accordion-icon .elementor-accordion-icon-opened,.elementor-accordion .elementor-tab-title.elementor-active .elementor-accordion-icon-closed{display:none}.elementor-accordion .elementor-tab-title.elementor-active .elementor-accordion-icon-opened{display:block}.elementor-accordion .elementor-tab-content{display:none;padding:15px 20px;border-top:1px solid #d5d8dc}@media (max-width:767px){.elementor-accordion .elementor-tab-title{padding:12px 15px}.elementor-accordion .elementor-tab-title .elementor-accordion-icon{width:1.2em}.elementor-accordion .elementor-tab-content{padding:7px 15px}}.e-con-inner>.elementor-widget-accordion,.e-con>.elementor-widget-accordion{width:var(--container-widget-width);--flex-grow:var(--container-widget-flex-grow)}<\/style>\t\t<div class=\"elementor-accordion\">\n\t\t\t\t\t\t\t<div class=\"elementor-accordion-item\">\n\t\t\t\t\t<div id=\"elementor-tab-title-1991\" class=\"elementor-tab-title\" data-tab=\"1\" role=\"button\" aria-controls=\"elementor-tab-content-1991\" aria-expanded=\"false\">\n\t\t\t\t\t\t\t\t\t\t\t\t\t<span class=\"elementor-accordion-icon elementor-accordion-icon-left\" aria-hidden=\"true\">\n\t\t\t\t\t\t\t\t\t\t\t\t\t\t\t<span class=\"elementor-accordion-icon-closed\"><svg class=\"e-font-icon-svg e-fas-plus\" viewBox=\"0 0 448 512\" xmlns=\"http:\/\/www.w3.org\/2000\/svg\"><path d=\"M416 208H272V64c0-17.67-14.33-32-32-32h-32c-17.67 0-32 14.33-32 32v144H32c-17.67 0-32 14.33-32 32v32c0 17.67 14.33 32 32 32h144v144c0 17.67 14.33 32 32 32h32c17.67 0 32-14.33 32-32V304h144c17.67 0 32-14.33 32-32v-32c0-17.67-14.33-32-32-32z\"><\/path><\/svg><\/span>\n\t\t\t\t\t\t\t\t<span class=\"elementor-accordion-icon-opened\"><svg class=\"e-font-icon-svg e-fas-minus\" viewBox=\"0 0 448 512\" xmlns=\"http:\/\/www.w3.org\/2000\/svg\"><path d=\"M416 208H32c-17.67 0-32 14.33-32 32v32c0 17.67 14.33 32 32 32h384c17.67 0 32-14.33 32-32v-32c0-17.67-14.33-32-32-32z\"><\/path><\/svg><\/span>\n\t\t\t\t\t\t\t\t\t\t\t\t\t\t<\/span>\n\t\t\t\t\t\t\t\t\t\t\t\t<a class=\"elementor-accordion-title\" tabindex=\"0\">Oferta Pracy: Doradca ubezpieczeniowy \u2013 bez do\u015bwiadczenia <\/a>\n\t\t\t\t\t<\/div>\n\t\t\t\t\t<div id=\"elementor-tab-content-1991\" class=\"elementor-tab-content elementor-clearfix\" data-tab=\"1\" role=\"region\" aria-labelledby=\"elementor-tab-title-1991\"><h3>Wymagania:<\/h3>\n<ul class=\"join-us-list\">\n \t<li>Wybitne umiej\u0119tno\u015bci komunikacji werbalnej i pisemnej<\/li>\n \t<li>Umiej\u0119tno\u015b\u0107 budowania i utrzymywania relacji z klientami<\/li>\n \t<li>Silna motywacja, doskona\u0142e umiej\u0119tno\u015bci zarz\u0105dzania czasem\ni dba\u0142o\u015b\u0107 o szczeg\u00f3\u0142y<\/li>\n \t<li>Umiej\u0119tno\u015b\u0107 pracy zespo\u0142owej i pozytywne nastawienie<\/li>\n \t<li>Etyczne podej\u015bcie do sprzeda\u017cy i zgodno\u015bci z przepisami<\/li>\n \t<li>Adaptacyjno\u015b\u0107 do zmian rynkowych i potrzeb klient\u00f3w<\/li>\n \t<li>Znajomo\u015b\u0107 j\u0119zyka angielskiego<\/li>\n<\/ul>\n<h3>Oferta:<\/h3>\nPe\u0142ne szczeg\u00f3\u0142y oferty zostan\u0105 przedstawione dla kandydat\u00f3w,\nw trakcie rozmowy kwalifikacyjnej.Je\u015bli jeste\u015b zmotywowany\ndo pracy w dynamicznym \u015brodowisku, cenisz sobie niezale\u017cno\u015b\u0107\ni chcesz mie\u0107 nie ograniczone mo\u017cliwo\u015bci zarobkowe, aplikuj\nju\u017c dzi\u015b! Prze\u015blij nam swoje CV i list motywacyjny,\nwyja\u015bniaj\u0105c, dlaczego uwa\u017casz, \u017ce jeste\u015b idealnym kandydatem\nna to stanowisko.\n\n\n<div class=\"wpcf7 no-js\" id=\"wpcf7-f103402-o1\" lang=\"pl-PL\" dir=\"ltr\">\n<div class=\"screen-reader-response\"><p role=\"status\" aria-live=\"polite\" aria-atomic=\"true\"><\/p> <ul><\/ul><\/div>\n<form action=\"\/index.php\/wp-json\/wp\/v2\/pages\/103398#wpcf7-f103402-o1\" method=\"post\" class=\"wpcf7-form init\" aria-label=\"Formularz kontaktowy\" enctype=\"multipart\/form-data\" novalidate=\"novalidate\" data-status=\"init\">\n<div style=\"display: none;\">\n<input type=\"hidden\" name=\"_wpcf7\" value=\"103402\" \/>\n<input type=\"hidden\" name=\"_wpcf7_version\" value=\"5.9.3\" \/>\n<input type=\"hidden\" name=\"_wpcf7_locale\" value=\"pl_PL\" \/>\n<input type=\"hidden\" name=\"_wpcf7_unit_tag\" value=\"wpcf7-f103402-o1\" \/>\n<input type=\"hidden\" name=\"_wpcf7_container_post\" value=\"0\" \/>\n<input type=\"hidden\" name=\"_wpcf7_posted_data_hash\" value=\"\" \/>\n<\/div>\n<input class=\"wpcf7-form-control wpcf7-hidden\" value=\"Oferta Pracy: Doradca ubezpieczeniowy \u2013 bez do\u015bwiadczenia\" type=\"hidden\" name=\"job\" \/>\n<p><label>Imi\u0119:<br \/>\n<span class=\"wpcf7-form-control-wrap\" data-name=\"namee\"><input size=\"40\" class=\"wpcf7-form-control wpcf7-text wpcf7-validates-as-required input-join-us\" id=\"name\" aria-required=\"true\" aria-invalid=\"false\" value=\"\" type=\"text\" name=\"namee\" \/><\/span><br \/>\n<\/label>\n<\/p>\n<p><label>Nazwisko:<br \/>\n<span class=\"wpcf7-form-control-wrap\" data-name=\"surname\"><input size=\"40\" class=\"wpcf7-form-control wpcf7-text wpcf7-validates-as-required input-join-us\" id=\"surname\" aria-required=\"true\" aria-invalid=\"false\" value=\"\" type=\"text\" name=\"surname\" \/><\/span><br \/>\n<\/label>\n<\/p>\n<p><label>Nr telefonu:<br \/>\n<span class=\"wpcf7-form-control-wrap\" data-name=\"phone\"><input size=\"40\" class=\"wpcf7-form-control wpcf7-tel wpcf7-validates-as-required wpcf7-text wpcf7-validates-as-tel input-join-us\" id=\"phone\" aria-required=\"true\" aria-invalid=\"false\" value=\"\" type=\"tel\" name=\"phone\" \/><\/span><br \/>\n<\/label>\n<\/p>\n<p><label>CV<br \/>\n<span class=\"wpcf7-form-control-wrap\" data-name=\"file-58\"><input size=\"40\" class=\"wpcf7-form-control wpcf7-file\" accept=\".doc,.docx,.rtf,.pdf,.wpd\" aria-invalid=\"false\" type=\"file\" name=\"file-58\" \/><\/span><br \/>\n<\/label>\n<\/p>\n<p><label>List Motywacyjny<br \/>\n<span class=\"wpcf7-form-control-wrap\" data-name=\"file-58\"><input size=\"40\" class=\"wpcf7-form-control wpcf7-file\" accept=\".doc,.docx,.rtf,.pdf,.wpd\" aria-invalid=\"false\" type=\"file\" name=\"file-58\" \/><\/span><br \/>\n<\/label>\n<\/p>\n<p><input class=\"wpcf7-form-control wpcf7-submit has-spinner\" type=\"submit\" value=\"Aplikuj\" \/>\n<\/p><div class=\"wpcf7-response-output\" aria-hidden=\"true\"><\/div>\n<\/form>\n<\/div>\n<\/div>\n\t\t\t\t<\/div>\n\t\t\t\t\t\t\t<div class=\"elementor-accordion-item\">\n\t\t\t\t\t<div id=\"elementor-tab-title-1992\" class=\"elementor-tab-title\" data-tab=\"2\" role=\"button\" aria-controls=\"elementor-tab-content-1992\" aria-expanded=\"false\">\n\t\t\t\t\t\t\t\t\t\t\t\t\t<span class=\"elementor-accordion-icon elementor-accordion-icon-left\" aria-hidden=\"true\">\n\t\t\t\t\t\t\t\t\t\t\t\t\t\t\t<span class=\"elementor-accordion-icon-closed\"><svg class=\"e-font-icon-svg e-fas-plus\" viewBox=\"0 0 448 512\" xmlns=\"http:\/\/www.w3.org\/2000\/svg\"><path d=\"M416 208H272V64c0-17.67-14.33-32-32-32h-32c-17.67 0-32 14.33-32 32v144H32c-17.67 0-32 14.33-32 32v32c0 17.67 14.33 32 32 32h144v144c0 17.67 14.33 32 32 32h32c17.67 0 32-14.33 32-32V304h144c17.67 0 32-14.33 32-32v-32c0-17.67-14.33-32-32-32z\"><\/path><\/svg><\/span>\n\t\t\t\t\t\t\t\t<span class=\"elementor-accordion-icon-opened\"><svg class=\"e-font-icon-svg e-fas-minus\" viewBox=\"0 0 448 512\" xmlns=\"http:\/\/www.w3.org\/2000\/svg\"><path d=\"M416 208H32c-17.67 0-32 14.33-32 32v32c0 17.67 14.33 32 32 32h384c17.67 0 32-14.33 32-32v-32c0-17.67-14.33-32-32-32z\"><\/path><\/svg><\/span>\n\t\t\t\t\t\t\t\t\t\t\t\t\t\t<\/span>\n\t\t\t\t\t\t\t\t\t\t\t\t<a class=\"elementor-accordion-title\" tabindex=\"0\">Oferta Pracy: Doradca ubezpieczeniowy \u2013 z do\u015bwiadczeniem<\/a>\n\t\t\t\t\t<\/div>\n\t\t\t\t\t<div id=\"elementor-tab-content-1992\" class=\"elementor-tab-content elementor-clearfix\" data-tab=\"2\" role=\"region\" aria-labelledby=\"elementor-tab-title-1992\"><h3>Wymagania:<\/h3><ul class=\"join-us-list\"><li>Pracujesz obecnie jako doradca ubezpieczeniowy przez okres<br \/>minimum 6 miesi\u0119cy<\/li><li>Wybitne umiej\u0119tno\u015bci komunikacji werbalnej i pisemnej<\/li><li>Umiej\u0119tno\u015b\u0107 budowania i utrzymywania relacji z klientami<\/li><li>Silna motywacja, doskona\u0142e umiej\u0119tno\u015bci zarz\u0105dzania czasem<br \/>i dba\u0142o\u015b\u0107 o szczeg\u00f3\u0142y<\/li><li>Umiej\u0119tno\u015b\u0107 pracy zespo\u0142owej i pozytywne nastawienie<\/li><li>Etyczne podej\u015bcie do sprzeda\u017cy i zgodno\u015bci z przepisami<\/li><li>Adaptacyjno\u015b\u0107 do zmian rynkowych i potrzeb klient\u00f3w<\/li><li>Znajomo\u015b\u0107 j\u0119zyka angielskiego<\/li><\/ul><h3>Oferta:<\/h3><ul class=\"join-us-list\"><li>160%-175% APV (4-letni clawback), wyp\u0142acana cotygodniowo<\/li><li>120% (2-letniclawback) wyp\u0142acana cotygodniowo<\/li><li>220% prowizji (na wybrane produkty) (4 lata bez<br \/>clawback\/prorata), p\u0142atna miesi\u0119cznie<\/li><li>Mo\u017cliwo\u015b\u0107 pracy w pe\u0142ni zdalnej<\/li><li>Ca\u0142y proces sprzeda\u017cy w pe\u0142ni online<\/li><li>Automatyczne generowanie raport\u00f3w SODAN\/SR<\/li><li>Aplikacje online bez dokument\u00f3w<\/li><\/ul><p>Je\u015bli jeste\u015b zmotywowany do pracy w dynamicznym \u015brodowisku,<br \/>cenisz sobie niezale\u017cno\u015b\u0107 i chcesz mie\u0107 nieograniczone<br \/>mo\u017cliwo\u015bci zarobkowe, aplikuj ju\u017c dzi\u015b! Prze\u015blij nam swoje<br \/>CV i list motywacyjny, wyja\u015bniaj\u0105c, dlaczego uwa\u017casz, \u017ce<br \/>jeste\u015b idealnym kandydatem na to stanowisko.<\/p><p>\u00a0<\/p><p>\n<div class=\"wpcf7 no-js\" id=\"wpcf7-f103407-o2\" lang=\"pl-PL\" dir=\"ltr\">\n<div class=\"screen-reader-response\"><p role=\"status\" aria-live=\"polite\" aria-atomic=\"true\"><\/p> <ul><\/ul><\/div>\n<form action=\"\/index.php\/wp-json\/wp\/v2\/pages\/103398#wpcf7-f103407-o2\" method=\"post\" class=\"wpcf7-form init\" aria-label=\"Formularz kontaktowy\" enctype=\"multipart\/form-data\" novalidate=\"novalidate\" data-status=\"init\">\n<div style=\"display: none;\">\n<input type=\"hidden\" name=\"_wpcf7\" value=\"103407\" \/>\n<input type=\"hidden\" name=\"_wpcf7_version\" value=\"5.9.3\" \/>\n<input type=\"hidden\" name=\"_wpcf7_locale\" value=\"pl_PL\" \/>\n<input type=\"hidden\" name=\"_wpcf7_unit_tag\" value=\"wpcf7-f103407-o2\" \/>\n<input type=\"hidden\" name=\"_wpcf7_container_post\" value=\"0\" \/>\n<input type=\"hidden\" name=\"_wpcf7_posted_data_hash\" value=\"\" \/>\n<\/div>\n<input class=\"wpcf7-form-control wpcf7-hidden\" value=\"Oferta Pracy: Doradca ubezpieczeniowy \u2013 z do\u015bwiadczeniem\" type=\"hidden\" name=\"job\" \/>\n<p><label>Imi\u0119:<br \/>\n<span class=\"wpcf7-form-control-wrap\" data-name=\"namee\"><input size=\"40\" class=\"wpcf7-form-control wpcf7-text wpcf7-validates-as-required input-join-us\" aria-required=\"true\" aria-invalid=\"false\" value=\"\" type=\"text\" name=\"namee\" \/><\/span><br \/>\n<\/label>\n<\/p>\n<p><label>Nazwisko:<br \/>\n<span class=\"wpcf7-form-control-wrap\" data-name=\"surname\"><input size=\"40\" class=\"wpcf7-form-control wpcf7-text wpcf7-validates-as-required input-join-us\" aria-required=\"true\" aria-invalid=\"false\" value=\"\" type=\"text\" name=\"surname\" \/><\/span><br \/>\n<\/label>\n<\/p>\n<p><label>Nr telefonu:<br \/>\n<span class=\"wpcf7-form-control-wrap\" data-name=\"phone\"><input size=\"40\" class=\"wpcf7-form-control wpcf7-tel wpcf7-validates-as-required wpcf7-text wpcf7-validates-as-tel input-join-us\" aria-required=\"true\" aria-invalid=\"false\" value=\"\" type=\"tel\" name=\"phone\" \/><\/span><br \/>\n<\/label>\n<\/p>\n<p><label>CV<br \/>\n<span class=\"wpcf7-form-control-wrap\" data-name=\"file-58\"><input size=\"40\" class=\"wpcf7-form-control wpcf7-file\" accept=\".doc,.docx,.rtf,.pdf,.wpd\" aria-invalid=\"false\" type=\"file\" name=\"file-58\" \/><\/span><br \/>\n<\/label>\n<\/p>\n<p><label>List Motywacyjny<br \/>\n<span class=\"wpcf7-form-control-wrap\" data-name=\"file-58\"><input size=\"40\" class=\"wpcf7-form-control wpcf7-file\" accept=\".doc,.docx,.rtf,.pdf,.wpd\" aria-invalid=\"false\" type=\"file\" name=\"file-58\" \/><\/span><br \/>\n<\/label>\n<\/p>\n<p><input class=\"wpcf7-form-control wpcf7-submit has-spinner\" type=\"submit\" value=\"Aplikuj\" \/>\n<\/p><div class=\"wpcf7-response-output\" aria-hidden=\"true\"><\/div>\n<\/form>\n<\/div>\n<\/p><\/div>\n\t\t\t\t<\/div>\n\t\t\t\t\t\t\t<div class=\"elementor-accordion-item\">\n\t\t\t\t\t<div id=\"elementor-tab-title-1993\" class=\"elementor-tab-title\" data-tab=\"3\" role=\"button\" aria-controls=\"elementor-tab-content-1993\" aria-expanded=\"false\">\n\t\t\t\t\t\t\t\t\t\t\t\t\t<span class=\"elementor-accordion-icon elementor-accordion-icon-left\" aria-hidden=\"true\">\n\t\t\t\t\t\t\t\t\t\t\t\t\t\t\t<span class=\"elementor-accordion-icon-closed\"><svg class=\"e-font-icon-svg e-fas-plus\" viewBox=\"0 0 448 512\" xmlns=\"http:\/\/www.w3.org\/2000\/svg\"><path d=\"M416 208H272V64c0-17.67-14.33-32-32-32h-32c-17.67 0-32 14.33-32 32v144H32c-17.67 0-32 14.33-32 32v32c0 17.67 14.33 32 32 32h144v144c0 17.67 14.33 32 32 32h32c17.67 0 32-14.33 32-32V304h144c17.67 0 32-14.33 32-32v-32c0-17.67-14.33-32-32-32z\"><\/path><\/svg><\/span>\n\t\t\t\t\t\t\t\t<span class=\"elementor-accordion-icon-opened\"><svg class=\"e-font-icon-svg e-fas-minus\" viewBox=\"0 0 448 512\" xmlns=\"http:\/\/www.w3.org\/2000\/svg\"><path d=\"M416 208H32c-17.67 0-32 14.33-32 32v32c0 17.67 14.33 32 32 32h384c17.67 0 32-14.33 32-32v-32c0-17.67-14.33-32-32-32z\"><\/path><\/svg><\/span>\n\t\t\t\t\t\t\t\t\t\t\t\t\t\t<\/span>\n\t\t\t\t\t\t\t\t\t\t\t\t<a class=\"elementor-accordion-title\" tabindex=\"0\">Oferta Pracy: Doradca kredyt\u00f3w hipotecznych i ubezpiecze\u0144<\/a>\n\t\t\t\t\t<\/div>\n\t\t\t\t\t<div id=\"elementor-tab-content-1993\" class=\"elementor-tab-content elementor-clearfix\" data-tab=\"3\" role=\"region\" aria-labelledby=\"elementor-tab-title-1993\"><h3>Wymagania:<\/h3>\n<ul class=\"join-us-list\">\n \t<li>Certyfikat CII lub Cemap<\/li>\n \t<li>Wybitne umiej\u0119tno\u015bci komunikacji werbalnej i pisemnej<\/li>\n \t<li>Umiej\u0119tno\u015b\u0107 budowania i utrzymywania relacji z klientami<\/li>\n \t<li>Silna motywacja, doskona\u0142e umiej\u0119tno\u015bci zarz\u0105dzania czasem\ni dba\u0142o\u015b\u0107 o szczeg\u00f3\u0142y<\/li>\n \t<li>Umiej\u0119tno\u015b\u0107 pracy zespo\u0142owej i pozytywne nastawienie<\/li>\n \t<li>Etyczne podej\u015bcie do sprzeda\u017cy i zgodno\u015bci z przepisami<\/li>\n \t<li>Adaptacyjno\u015b\u0107 do zmian rynkowych i potrzeb klient\u00f3w<\/li>\n<\/ul>\n<h3>Oferta:<\/h3>\n<ul class=\"join-us-list\">\n \t<li>Prowizja od sprzeda\u017cy kredyt\u00f3w hipotecznych: 80% od op\u0142aty\nprokuracyjnej<\/li>\n \t<li>Prowizja od sprzeda\u017cy kredyt\u00f3w hipotecznych: 80% od op\u0142aty\nmaklerskiej oraz polece\u0144<\/li>\n \t<li>160%-175% APV (4-letni clawback), wyp\u0142acana cotygodniowo<\/li>\n \t<li>120% (2-letniclawback) wyp\u0142acana cotygodniowo<\/li>\n \t<li>220% prowizji (na wybrane produkty) (4 lata bez\nclawback\/prorata), p\u0142atna miesi\u0119cznie<\/li>\n \t<li>Mo\u017cliwo\u015b\u0107 pracy w pe\u0142ni zdalnej<\/li>\n \t<li>Ca\u0142y proces sprzeda\u017cy w pe\u0142ni online<\/li>\n \t<li>Automatyczne generowanie raport\u00f3w SODAN\/SR<\/li>\n \t<li>Aplikacje online bez dokument\u00f3w<\/li>\n<\/ul>\nJe\u015bli jeste\u015b zmotywowany do pracy w dynamicznym \u015brodowisku,\ncenisz sobie niezale\u017cno\u015b\u0107 i chcesz mie\u0107 nieograniczone\nmo\u017cliwo\u015bci zarobkowe, aplikuj ju\u017c dzi\u015b! Prze\u015blij nam swoje\nCV i list motywacyjny, wyja\u015bniaj\u0105c, dlaczego uwa\u017casz, \u017ce\njeste\u015b idealnym kandydatem na to stanowisko.\n\n\n<div class=\"wpcf7 no-js\" id=\"wpcf7-f103408-o3\" lang=\"pl-PL\" dir=\"ltr\">\n<div class=\"screen-reader-response\"><p role=\"status\" aria-live=\"polite\" aria-atomic=\"true\"><\/p> <ul><\/ul><\/div>\n<form action=\"\/index.php\/wp-json\/wp\/v2\/pages\/103398#wpcf7-f103408-o3\" method=\"post\" class=\"wpcf7-form init\" aria-label=\"Formularz kontaktowy\" enctype=\"multipart\/form-data\" novalidate=\"novalidate\" data-status=\"init\">\n<div style=\"display: none;\">\n<input type=\"hidden\" name=\"_wpcf7\" value=\"103408\" \/>\n<input type=\"hidden\" name=\"_wpcf7_version\" value=\"5.9.3\" \/>\n<input type=\"hidden\" name=\"_wpcf7_locale\" value=\"pl_PL\" \/>\n<input type=\"hidden\" name=\"_wpcf7_unit_tag\" value=\"wpcf7-f103408-o3\" \/>\n<input type=\"hidden\" name=\"_wpcf7_container_post\" value=\"0\" \/>\n<input type=\"hidden\" name=\"_wpcf7_posted_data_hash\" value=\"\" \/>\n<\/div>\n<input class=\"wpcf7-form-control wpcf7-hidden\" value=\"Oferta Pracy: Doradca kredyt\u00f3w hipotecznych i ubezpiecze\u0144\" type=\"hidden\" name=\"job\" \/>\n<p><label>Imi\u0119:<br \/>\n<span class=\"wpcf7-form-control-wrap\" data-name=\"namee\"><input size=\"40\" class=\"wpcf7-form-control wpcf7-text wpcf7-validates-as-required input-join-us\" aria-required=\"true\" aria-invalid=\"false\" value=\"\" type=\"text\" name=\"namee\" \/><\/span><br \/>\n<\/label>\n<\/p>\n<p><label>Nazwisko:<br \/>\n<span class=\"wpcf7-form-control-wrap\" data-name=\"surname\"><input size=\"40\" class=\"wpcf7-form-control wpcf7-text wpcf7-validates-as-required input-join-us\" aria-required=\"true\" aria-invalid=\"false\" value=\"\" type=\"text\" name=\"surname\" \/><\/span><br \/>\n<\/label>\n<\/p>\n<p><label>Nr telefonu:<br \/>\n<span class=\"wpcf7-form-control-wrap\" data-name=\"phone\"><input size=\"40\" class=\"wpcf7-form-control wpcf7-tel wpcf7-validates-as-required wpcf7-text wpcf7-validates-as-tel input-join-us\" aria-required=\"true\" aria-invalid=\"false\" value=\"\" type=\"tel\" name=\"phone\" \/><\/span><br \/>\n<\/label>\n<\/p>\n<p><label>CV<br \/>\n<span class=\"wpcf7-form-control-wrap\" data-name=\"file-58\"><input size=\"40\" class=\"wpcf7-form-control wpcf7-file\" accept=\".doc,.docx,.rtf,.pdf,.wpd\" aria-invalid=\"false\" type=\"file\" name=\"file-58\" \/><\/span><br \/>\n<\/label>\n<\/p>\n<p><label>List Motywacyjny<br \/>\n<span class=\"wpcf7-form-control-wrap\" data-name=\"file-58\"><input size=\"40\" class=\"wpcf7-form-control wpcf7-file\" accept=\".doc,.docx,.rtf,.pdf,.wpd\" aria-invalid=\"false\" type=\"file\" name=\"file-58\" \/><\/span><br \/>\n<\/label>\n<\/p>\n<p><input class=\"wpcf7-form-control wpcf7-submit has-spinner\" type=\"submit\" value=\"Aplikuj\" \/>\n<\/p><div class=\"wpcf7-response-output\" aria-hidden=\"true\"><\/div>\n<\/form>\n<\/div>\n<\/div>\n\t\t\t\t<\/div>\n\t\t\t\t\t\t\t\t<\/div>\n\t\t\t\t<\/div>\n\t\t\t\t<\/div>\n\t\t\t\t\t<\/div>\n\t\t\t\t<\/div>\n\t\t\t\t<\/div>\n\t\t","protected":false},"excerpt":{"rendered":"<p>Do\u0142\u0105cz do nas Jeste\u015bmy dynamicznie rozwijaj\u0105c\u0105 si\u0119 firm\u0105 Supreme Financial Solutions Ltd, w bran\u017cy us\u0142ug ubezpieczeniowych i kredyt\u00f3w hipotecznych, poszukujemy do naszego zespo\u0142u zar\u00f3wno do\u015bwiadczonych Doradc\u00f3w ds. Ubezpiecze\u0144, jak i tych, kt\u00f3rzy chc\u0105 dopiero zdoby\u0107 do\u015bwiadczenie w \u015bwiecie finans\u00f3w, a tak\u017ce wykwalifikowanych doradc\u00f3w kredyt\u00f3w hipotecznych . Oferujemy wyj\u0105tkow\u0105 mo\u017cliwo\u015b\u0107 pracy w innowacyjnym \u015brodowisku, gdzie ca\u0142y&#8230;<\/p>\n","protected":false},"author":1,"featured_media":0,"parent":0,"menu_order":0,"comment_status":"closed","ping_status":"closed","template":"elementor_header_footer","meta":{"footnotes":""},"class_list":["post-103398","page","type-page","status-publish","hentry"],"_links":{"self":[{"href":"https:\/\/sfizabelagajowska.dev10.pro\/index.php\/wp-json\/wp\/v2\/pages\/103398","targetHints":{"allow":["GET"]}}],"collection":[{"href":"https:\/\/sfizabelagajowska.dev10.pro\/index.php\/wp-json\/wp\/v2\/pages"}],"about":[{"href":"https:\/\/sfizabelagajowska.dev10.pro\/index.php\/wp-json\/wp\/v2\/types\/page"}],"author":[{"embeddable":true,"href":"https:\/\/sfizabelagajowska.dev10.pro\/index.php\/wp-json\/wp\/v2\/users\/1"}],"replies":[{"embeddable":true,"href":"https:\/\/sfizabelagajowska.dev10.pro\/index.php\/wp-json\/wp\/v2\/comments?post=103398"}],"version-history":[{"count":17,"href":"https:\/\/sfizabelagajowska.dev10.pro\/index.php\/wp-json\/wp\/v2\/pages\/103398\/revisions"}],"predecessor-version":[{"id":103422,"href":"https:\/\/sfizabelagajowska.dev10.pro\/index.php\/wp-json\/wp\/v2\/pages\/103398\/revisions\/103422"}],"wp:attachment":[{"href":"https:\/\/sfizabelagajowska.dev10.pro\/index.php\/wp-json\/wp\/v2\/media?parent=103398"}],"curies":[{"name":"wp","href":"https:\/\/api.w.org\/{rel}","templated":true}]}}